{"id":5380,"date":"2021-10-12T10:11:12","date_gmt":"2021-10-12T08:11:12","guid":{"rendered":"https:\/\/karate-nord.de\/wp\/?page_id=5380"},"modified":"2023-12-08T17:32:49","modified_gmt":"2023-12-08T16:32:49","slug":"karate-und-schwert","status":"publish","type":"page","link":"https:\/\/karate-nord.de\/wp\/schwert\/karate-und-schwert\/","title":{"rendered":"Karate und Schwert"},"content":{"rendered":"<p><!-- Google tag (gtag.js) --><br \/>\n<script async src=\"https:\/\/www.googletagmanager.com\/gtag\/js?id=G-51VG5QK30Y\"><\/script><br \/>\n<script>\n  window.dataLayer = window.dataLayer || [];\n  function gtag(){dataLayer.push(arguments);}\n  gtag('js', new Date());<\/p>\n<p>  gtag('config', 'G-51VG5QK30Y');\n<\/script><\/p>\n<div class=\"\" dir=\"auto\">\n<div id=\"jsc_c_fn\" class=\"ecm0bbzt hv4rvrfc ihqw7lf3 dati1w0a\" data-ad-comet-preview=\"message\" data-ad-preview=\"message\">\n<div class=\"j83agx80 cbu4d94t ew0dbk1b irj2b8pg\">\n<p>Toshihiro Oshiro Shihan sagte einst <em>&#8222;studiere das Schwert (Klingenwaffen), um das Karate und Kobujutsu besser zu verstehen&#8220;<\/em>. Ein sehr interessanter Artikel zum Thema Schwertkunst und Karate wurde von Motobu Naoki ver\u00f6ffentlicht. Dabei geht es auch um eine Schwertrichtung, die sp\u00e4testens ab 1609 auf die Ryu Kyu Inseln gelangte:<br \/>\n<span style=\"color: #ff0000;\"><a style=\"color: #ff0000;\" href=\"https:\/\/ameblo.jp\/motoburyu\/entry-12722989780.html\">Jigen-Ryu<\/a><\/span><\/p>\n<\/div>\n<\/div>\n<\/div>\n<p>&nbsp;<\/p>\n<p>&nbsp;<\/p>\n<div class=\"\" dir=\"auto\">\n<div id=\"jsc_c_fn\" class=\"ecm0bbzt hv4rvrfc ihqw7lf3 dati1w0a\" data-ad-comet-preview=\"message\" data-ad-preview=\"message\">\n<div class=\"j83agx80 cbu4d94t ew0dbk1b irj2b8pg\">\n<div class=\"qzhwtbm6 knvmm38d\">\n<div class=\"kvgmc6g5 cxmmr5t8 oygrvhab hcukyx3x c1et5uql ii04i59q\">\n<div dir=\"auto\">\n<figure id=\"attachment_5393\" aria-describedby=\"caption-attachment-5393\" style=\"width: 214px\" class=\"wp-caption alignleft\"><a href=\"https:\/\/karate-nord.de\/wp\/wp-content\/uploads\/2021\/10\/IMG_3474.jpg\"><img loading=\"lazy\" decoding=\"async\" class=\"wp-image-5393 size-medium\" src=\"https:\/\/karate-nord.de\/wp\/wp-content\/uploads\/2021\/10\/IMG_3474-214x300.jpg\" alt=\"\" width=\"214\" height=\"300\" srcset=\"https:\/\/karate-nord.de\/wp\/wp-content\/uploads\/2021\/10\/IMG_3474-214x300.jpg 214w, https:\/\/karate-nord.de\/wp\/wp-content\/uploads\/2021\/10\/IMG_3474-768x1075.jpg 768w, https:\/\/karate-nord.de\/wp\/wp-content\/uploads\/2021\/10\/IMG_3474-43x60.jpg 43w, https:\/\/karate-nord.de\/wp\/wp-content\/uploads\/2021\/10\/IMG_3474.jpg 785w\" sizes=\"auto, (max-width: 214px) 100vw, 214px\" \/><\/a><figcaption id=\"caption-attachment-5393\" class=\"wp-caption-text\">Analogie Gedan Barai Karate VS Schwert<\/figcaption><\/figure>\n<p>Vergleich der Motorik &#8211; <strong>Karate Gedan Barai und Hiki Te<\/strong> mit Schwertparade. Beim Gedan Barai im Karate sieht man manchmal extreme Ausholbewegungen mit der Hand bis hoch zur Schulter. Auch im Karate sollten wir im fortgeschrittenen Stadium vor dem Gedan Barai nicht weit bzw. hoch ausholen, wenn das Ziel vorne unten ist. Die Ausholbewegung w\u00e4re zu lange entgegen der Richtung, welche eigentlich ben\u00f6tigt wird. F\u00fcr Anf\u00e4nger sind weit ausholende Bewegungen allerdings zun\u00e4chst besser nachzuvollziehen. Sp\u00e4ter sollten die Techniken unauff\u00e4lliger und direkter, die Energie daf\u00fcr im K\u00f6rper erzeugt werden. Im Grunde holt dann nur noch der Unterarm aus. Der Ellbogen sollte seine Richtung auf dem Weg zum Zielpunkt nicht umkehren m\u00fcssen. Sollte man eine Waffe (z.B. Kobudo: Sai) im G\u00fcrtel haben, w\u00fcrde diese mit der (kleinen) Ausholbewegung gezogen und direkt eingesetzt werden.<\/p>\n<\/div>\n<div dir=\"auto\"><a href=\"https:\/\/karate-nord.de\/wp\/wp-content\/uploads\/2021\/10\/Gedan-Barai.mov\"><span style=\"color: #ff0000;\">VIDEO<\/span><\/a><\/div>\n<div dir=\"auto\"><\/div>\n<\/div>\n<\/div>\n<\/div>\n<\/div>\n<\/div>\n<div dir=\"auto\"><\/div>\n<div dir=\"auto\"><\/div>\n<div dir=\"auto\"><\/div>\n<div dir=\"auto\"><\/div>\n<div dir=\"auto\"><\/div>\n<div dir=\"auto\"><\/div>\n<div dir=\"auto\"><\/div>\n<div dir=\"auto\"><\/div>\n<div dir=\"auto\"><\/div>\n<div dir=\"auto\"><\/div>\n<div dir=\"auto\"><\/div>\n<div dir=\"auto\"><\/div>\n<div dir=\"auto\"><\/div>\n<div dir=\"auto\">\n<div dir=\"auto\">\n<div class=\"kvgmc6g5 cxmmr5t8 oygrvhab hcukyx3x c1et5uql ii04i59q\">\n<div dir=\"auto\">\n<figure id=\"attachment_5392\" aria-describedby=\"caption-attachment-5392\" style=\"width: 228px\" class=\"wp-caption alignleft\"><a href=\"https:\/\/karate-nord.de\/wp\/wp-content\/uploads\/2021\/10\/IMG_3475.jpg\"><img loading=\"lazy\" decoding=\"async\" class=\"size-medium wp-image-5392\" src=\"https:\/\/karate-nord.de\/wp\/wp-content\/uploads\/2021\/10\/IMG_3475-228x300.jpg\" alt=\"\" width=\"228\" height=\"300\" srcset=\"https:\/\/karate-nord.de\/wp\/wp-content\/uploads\/2021\/10\/IMG_3475-228x300.jpg 228w, https:\/\/karate-nord.de\/wp\/wp-content\/uploads\/2021\/10\/IMG_3475-46x60.jpg 46w, https:\/\/karate-nord.de\/wp\/wp-content\/uploads\/2021\/10\/IMG_3475.jpg 659w\" sizes=\"auto, (max-width: 228px) 100vw, 228px\" \/><\/a><figcaption id=\"caption-attachment-5392\" class=\"wp-caption-text\">Analogie Renzuki Karate VS Schwert<\/figcaption><\/figure>\n<p><strong>Doppelfauststo\u00df \u201eRenzuki\u201c.\u00a0<\/strong>Der Renzuki\u00a0weist eine bemerkenswerte Analogie zu einer etwas unbekannteren Art des Schwertziehens auf. Man verbirgt dabei die Greifbewegung zum Schwertgriff (Tsuka) UND den Beginn der Klingenbewegung nach vorne. Dabei wird die rechte Hand nicht, wie oft \u00fcblich, seitlich zum Schwertgriff gef\u00fchrt, um danach nach vorne zu ziehen. Die seitliche Greifbewegung w\u00fcrde die Zieh-\/ Schnittbewegung f\u00fcr ein ge\u00fcbtes Auge (von vorne gesehen) viel auff\u00e4lliger machen und mehr Zeit kosten. \u00a0Zudem erg\u00e4be sich ein 1-2 Rhythmus, wenn wir in eine Richtung greifen (seitlich zum Schwertgriff), f\u00fcr die Technik dann aber in eine andere Richtung m\u00fcssen (nach vorne). Genauso w\u00fcrde Techniken des Karate durch Ausholbewegung und dann folgender Bewegungsumkehr f\u00fcr die eigentliche Technik dieser Rhythmus anhaften. Rhythmus ist im Kampf zu vermeiden.<\/p>\n<p>Um die Klinge m\u00f6glichst unauff\u00e4llig frei und nach vorne zu bekommen, bleibt die rechte (eigentlich die \u201eZiehhand) Hand zun\u00e4chst teilnahmslos h\u00e4ngen. Stattdessen schiebt die linke Hand die Saya (Schwertscheide) und damit nat\u00fcrlich auch die noch in der Saya verborgene Klinge vor, in Richtung Gegner. Durch das Tsuba (Stichblatt) ist die linke Hand etwas verdeckt. Die Klinge n\u00e4hert sich nun bereits \u201eversteckt\u201c dem Gegner. Die rechte Hand macht nicht die typische winklige Greifbewegung, sondern nimmt in einer flie\u00dfenden Bewegung den Schwertgriff auf einer geradlinigen Bahn (analog Zuki) auf und f\u00fchrt den Schnitt zuende. Dabei rei\u00dft die linke Hand die Saya zur\u00fcck (Hikite). Die Klinge ist frei und hat bereits einiges an Weg in Richtung Ziel zur\u00fcck gelegt.<\/p>\n<p>Im Karate f\u00fchren wir den Renzuki nicht wie zwei aufeinander folgende Zuki aus. Er soll in der Zeit ausgef\u00fchrt werden, die normalerweise ein einzelner Zuki braucht. Der zweite Zuki bewegt sich dabei in und startet direkt aus einer Position vor der K\u00f6rpermitte und nicht von der H\u00fcfte aus. Diese Bewegung ist nicht nur analog des versteckten Ziehens des Schwertes, sondern eignet sich auch f\u00fcr weitere Techniken mit offener Hand.<\/p>\n<\/div>\n<\/div>\n<div class=\"o9v6fnle cxmmr5t8 oygrvhab hcukyx3x c1et5uql ii04i59q\">\n<div dir=\"auto\">\n<p><span style=\"color: #ff0000;\"><a style=\"color: #ff0000;\" href=\"https:\/\/karate-nord.de\/wp\/wp-content\/uploads\/2021\/10\/Renzuki.mov\">VIDEO<\/a><\/span><\/p>\n<\/div>\n<\/div>\n<\/div>\n<p>&nbsp;<\/p>\n<\/div>\n<div dir=\"auto\">\n<figure id=\"attachment_5391\" aria-describedby=\"caption-attachment-5391\" style=\"width: 241px\" class=\"wp-caption alignleft\"><a href=\"https:\/\/karate-nord.de\/wp\/wp-content\/uploads\/2021\/10\/IMG_3476.jpg\"><img loading=\"lazy\" decoding=\"async\" class=\"wp-image-5391 size-medium\" src=\"https:\/\/karate-nord.de\/wp\/wp-content\/uploads\/2021\/10\/IMG_3476-241x300.jpg\" alt=\"\" width=\"241\" height=\"300\" srcset=\"https:\/\/karate-nord.de\/wp\/wp-content\/uploads\/2021\/10\/IMG_3476-241x300.jpg 241w, https:\/\/karate-nord.de\/wp\/wp-content\/uploads\/2021\/10\/IMG_3476-48x60.jpg 48w, https:\/\/karate-nord.de\/wp\/wp-content\/uploads\/2021\/10\/IMG_3476-448x560.jpg 448w, https:\/\/karate-nord.de\/wp\/wp-content\/uploads\/2021\/10\/IMG_3476.jpg 663w\" sizes=\"auto, (max-width: 241px) 100vw, 241px\" \/><\/a><figcaption id=\"caption-attachment-5391\" class=\"wp-caption-text\">Analogie Shuto (Uke) Karate VS Schwert<\/figcaption><\/figure>\n<p><span class=\"d2edcug0 hpfvmrgz qv66sw1b c1et5uql oi732d6d ik7dh3pa ht8s03o8 a8c37x1j keod5gw0 nxhoafnm aigsh9s9 d3f4x2em fe6kdd0r mau55g9w c8b282yb iv3no6db jq4qci2q a3bd9o3v b1v8xokw oo9gr5id hzawbc8m\" dir=\"auto\">Auf den<strong> Karate Shuto \u201eUke\u201c<\/strong> bezogen, greift die rechte Hand zum Schwert. Dann \u00fcbernimmt das Schwert selbst Bewegung und Endposition analog der Schwert-Hand im Karate.<br \/>\n<\/span><\/p>\n<\/div>\n<div dir=\"auto\"><span class=\"d2edcug0 hpfvmrgz qv66sw1b c1et5uql oi732d6d ik7dh3pa ht8s03o8 a8c37x1j keod5gw0 nxhoafnm aigsh9s9 d3f4x2em fe6kdd0r mau55g9w c8b282yb iv3no6db jq4qci2q a3bd9o3v b1v8xokw oo9gr5id hzawbc8m\" dir=\"auto\"><span style=\"color: #ff0000;\"><a style=\"color: #ff0000;\" href=\"https:\/\/karate-nord.de\/wp\/wp-content\/uploads\/2021\/10\/Shuto.mov\">VIDEO<\/a><\/span><\/span><\/div>\n<div dir=\"auto\"><\/div>\n<div dir=\"auto\">\n<hr \/>\n<\/div>\n<div dir=\"auto\"><\/div>\n<div dir=\"auto\"><\/div>\n<div dir=\"auto\"><\/div>\n<div dir=\"auto\"><\/div>\n<div dir=\"auto\"><\/div>\n<div dir=\"auto\"><\/div>\n<div dir=\"auto\"><\/div>\n<div dir=\"auto\"><\/div>\n<div dir=\"auto\"><\/div>\n<div dir=\"auto\"><\/div>\n<div dir=\"auto\"><\/div>\n<div dir=\"auto\"><\/div>\n<div dir=\"auto\"><\/div>\n<div dir=\"auto\"><\/div>\n<div dir=\"auto\">\n<div dir=\"auto\"><\/div>\n<div dir=\"auto\"><strong>Hiki Te &#8211; ganz praktisch<\/strong><\/div>\n<div dir=\"auto\"><\/div>\n<div dir=\"auto\">\n<figure id=\"attachment_5436\" aria-describedby=\"caption-attachment-5436\" style=\"width: 302px\" class=\"wp-caption alignright\"><a href=\"https:\/\/karate-nord.de\/wp\/wp-content\/uploads\/2021\/10\/3218B6DD-46EC-4CA3-A2A5-C1E69E4371F3.jpeg\"><img loading=\"lazy\" decoding=\"async\" class=\"wp-image-5436 \" src=\"https:\/\/karate-nord.de\/wp\/wp-content\/uploads\/2021\/10\/3218B6DD-46EC-4CA3-A2A5-C1E69E4371F3.jpeg\" alt=\"\" width=\"302\" height=\"444\" srcset=\"https:\/\/karate-nord.de\/wp\/wp-content\/uploads\/2021\/10\/3218B6DD-46EC-4CA3-A2A5-C1E69E4371F3.jpeg 1170w, https:\/\/karate-nord.de\/wp\/wp-content\/uploads\/2021\/10\/3218B6DD-46EC-4CA3-A2A5-C1E69E4371F3-204x300.jpeg 204w, https:\/\/karate-nord.de\/wp\/wp-content\/uploads\/2021\/10\/3218B6DD-46EC-4CA3-A2A5-C1E69E4371F3-768x1128.jpeg 768w, https:\/\/karate-nord.de\/wp\/wp-content\/uploads\/2021\/10\/3218B6DD-46EC-4CA3-A2A5-C1E69E4371F3-1046x1536.jpeg 1046w, https:\/\/karate-nord.de\/wp\/wp-content\/uploads\/2021\/10\/3218B6DD-46EC-4CA3-A2A5-C1E69E4371F3-41x60.jpeg 41w\" sizes=\"auto, (max-width: 302px) 100vw, 302px\" \/><\/a><figcaption id=\"caption-attachment-5436\" class=\"wp-caption-text\">Das Hiki Te der linken Hand befreit die Klinge.<\/figcaption><\/figure>\n<p>Karate ist bekannt f\u00fcr die Hand oder Faust, welche sich zur H\u00fcfte zur\u00fcck zieht, w\u00e4hrend die andere Hand oder Faust vorschnellt. Aus Sicht des Sayahandlings (Saya = Schwertscheide) ist diese Bewegung ebenfalls von gro\u00dfer Bedeutung. Diese Bewegung dient dazu, ein Schwert m\u00f6glichst schnell aus der Saya zu befreien. Die rechte Hand bewegt die Klinge vor, die linke Hand zieht die Saya zur\u00fcck. Damit ist die Klinge fr\u00fcher frei und einsatzbereit als es der Fall w\u00e4re, wenn lediglich die rechte Hand die Hauptarbeit \u00fcbernehmen w\u00fcrde. Somit wird dem Hiki Te (die sich zur\u00fcckziehende Hand) beim Ziehen des Schwertes eine wesentliche Bedeutung zu teil. Im Karate dient das Hiki Te als Platzhalter f\u00fcr alle m\u00f6glichen Anwendungen. F\u00fcr den Umgang mit Bo oder Sai kommen dem Hiki Te weitere Bedeutungen zu. Beispielsweise stellt es den Griff zur sich am G\u00fcrtel befindlichen Waffe (Sai) dar.<\/p>\n<\/div>\n<div dir=\"auto\"><\/div>\n<\/div>\n<div dir=\"auto\">\n<p>&nbsp;<\/p>\n<p>&nbsp;<\/p>\n<figure id=\"attachment_5634\" aria-describedby=\"caption-attachment-5634\" style=\"width: 418px\" class=\"wp-caption alignnone\"><img loading=\"lazy\" decoding=\"async\" class=\"wp-image-5634 \" src=\"https:\/\/karate-nord.de\/wp\/wp-content\/uploads\/2022\/06\/656A717C-C378-4BE8-B4E3-496FF20CAC4E.jpeg\" alt=\"\" width=\"418\" height=\"291\" srcset=\"https:\/\/karate-nord.de\/wp\/wp-content\/uploads\/2022\/06\/656A717C-C378-4BE8-B4E3-496FF20CAC4E.jpeg 874w, https:\/\/karate-nord.de\/wp\/wp-content\/uploads\/2022\/06\/656A717C-C378-4BE8-B4E3-496FF20CAC4E-300x209.jpeg 300w, https:\/\/karate-nord.de\/wp\/wp-content\/uploads\/2022\/06\/656A717C-C378-4BE8-B4E3-496FF20CAC4E-768x534.jpeg 768w, https:\/\/karate-nord.de\/wp\/wp-content\/uploads\/2022\/06\/656A717C-C378-4BE8-B4E3-496FF20CAC4E-86x60.jpeg 86w\" sizes=\"auto, (max-width: 418px) 100vw, 418px\" \/><figcaption id=\"caption-attachment-5634\" class=\"wp-caption-text\">Einsatz des Hiki Te als ein Entziehen des Schwertes<\/figcaption><\/figure>\n<figure id=\"attachment_5654\" aria-describedby=\"caption-attachment-5654\" style=\"width: 485px\" class=\"wp-caption alignright\"><img loading=\"lazy\" decoding=\"async\" class=\"wp-image-5654\" src=\"https:\/\/karate-nord.de\/wp\/wp-content\/uploads\/2022\/06\/k-DSC09365-2-scaled.jpg\" alt=\"\" width=\"485\" height=\"273\" srcset=\"https:\/\/karate-nord.de\/wp\/wp-content\/uploads\/2022\/06\/k-DSC09365-2-scaled.jpg 2560w, https:\/\/karate-nord.de\/wp\/wp-content\/uploads\/2022\/06\/k-DSC09365-2-300x169.jpg 300w, https:\/\/karate-nord.de\/wp\/wp-content\/uploads\/2022\/06\/k-DSC09365-2-768x432.jpg 768w, https:\/\/karate-nord.de\/wp\/wp-content\/uploads\/2022\/06\/k-DSC09365-2-1536x864.jpg 1536w, https:\/\/karate-nord.de\/wp\/wp-content\/uploads\/2022\/06\/k-DSC09365-2-2048x1152.jpg 2048w, https:\/\/karate-nord.de\/wp\/wp-content\/uploads\/2022\/06\/k-DSC09365-2-107x60.jpg 107w\" sizes=\"auto, (max-width: 485px) 100vw, 485px\" \/><figcaption id=\"caption-attachment-5654\" class=\"wp-caption-text\">Praktischer Vergleich &#8211; Schwert und Karate &#8211; f\u00fcr interessierte Karateka<\/figcaption><\/figure>\n<p>&nbsp;<\/p>\n<p>&nbsp;<\/p>\n<p>&nbsp;<\/p>\n<\/div>\n<div dir=\"auto\">\n<div class=\"kvgmc6g5 cxmmr5t8 oygrvhab hcukyx3x c1et5uql ii04i59q\"><\/div>\n<\/div>\n<p>&nbsp;<\/p>\n<div dir=\"auto\"><\/div>\n<div dir=\"auto\"><\/div>\n<div dir=\"auto\"><\/div>\n<div dir=\"auto\"><\/div>\n<div dir=\"auto\"><\/div>\n<div dir=\"auto\"><\/div>\n<div dir=\"auto\"><\/div>\n<div dir=\"auto\"><\/div>\n<div dir=\"auto\"><\/div>\n<div dir=\"auto\">\n<div dir=\"auto\"><\/div>\n<\/div>\n<div dir=\"auto\"><\/div>\n<div dir=\"auto\"><\/div>\n<div dir=\"auto\"><\/div>\n<div dir=\"auto\"><\/div>\n<div dir=\"auto\">\n<div dir=\"auto\">\n<figure id=\"attachment_6875\" aria-describedby=\"caption-attachment-6875\" style=\"width: 466px\" class=\"wp-caption alignleft\"><img loading=\"lazy\" decoding=\"async\" class=\"wp-image-6875\" src=\"https:\/\/karate-nord.de\/wp\/wp-content\/uploads\/2023\/12\/olli-kaikan-jump.jpg\" alt=\"\" width=\"466\" height=\"344\" srcset=\"https:\/\/karate-nord.de\/wp\/wp-content\/uploads\/2023\/12\/olli-kaikan-jump.jpg 2039w, https:\/\/karate-nord.de\/wp\/wp-content\/uploads\/2023\/12\/olli-kaikan-jump-300x222.jpg 300w, https:\/\/karate-nord.de\/wp\/wp-content\/uploads\/2023\/12\/olli-kaikan-jump-768x567.jpg 768w, https:\/\/karate-nord.de\/wp\/wp-content\/uploads\/2023\/12\/olli-kaikan-jump-1536x1134.jpg 1536w, https:\/\/karate-nord.de\/wp\/wp-content\/uploads\/2023\/12\/olli-kaikan-jump-81x60.jpg 81w\" sizes=\"auto, (max-width: 466px) 100vw, 466px\" \/><figcaption id=\"caption-attachment-6875\" class=\"wp-caption-text\">November 2023 &#8211; Okinawa<\/figcaption><\/figure>\n<\/div>\n<div dir=\"auto\"><\/div>\n<\/div>\n<div dir=\"auto\"><\/div>\n<div dir=\"auto\"><\/div>\n<div dir=\"auto\"><\/div>\n<div dir=\"auto\"><\/div>\n<div dir=\"auto\">\n<div dir=\"auto\"><\/div>\n<\/div>\n<p>&nbsp;<\/p>\n<p>&nbsp;<\/p>\n<p>&nbsp;<\/p>\n<p>&nbsp;<\/p>\n<p>&nbsp;<\/p>\n<p>&nbsp;<\/p>\n<p>&nbsp;<\/p>\n<p>&nbsp;<\/p>\n<p>&nbsp;<\/p>\n<p>&nbsp;<\/p>\n<p>&nbsp;<\/p>\n<div dir=\"auto\">\n<div dir=\"auto\">\n<hr \/>\n<\/div>\n<div dir=\"auto\"><\/div>\n<\/div>\n<div dir=\"auto\"><\/div>\n<div dir=\"auto\"><\/div>\n<div dir=\"auto\"><\/div>\n","protected":false},"excerpt":{"rendered":"<p>Toshihiro Oshiro Shihan sagte einst &#8222;studiere das Schwert (Klingenwaffen), um das Karate und Kobujutsu besser zu verstehen&#8220;. Ein sehr interessanter Artikel zum Thema Schwertkunst und Karate wurde von Motobu Naoki ver\u00f6ffentlicht. Dabei geht es auch um eine Schwertrichtung, die sp\u00e4testens ab 1609 auf die Ryu Kyu Inseln gelangte: Jigen-Ryu &nbsp; &nbsp; Vergleich der Motorik &#8211; &hellip; <\/p>\n","protected":false},"author":1,"featured_media":0,"parent":5396,"menu_order":0,"comment_status":"closed","ping_status":"closed","template":"","meta":{"_acf_changed":false,"_monsterinsights_skip_tracking":false,"_monsterinsights_sitenote_active":false,"_monsterinsights_sitenote_note":"","_monsterinsights_sitenote_category":0,"footnotes":""},"class_list":["post-5380","page","type-page","status-publish","hentry"],"acf":[],"_links":{"self":[{"href":"https:\/\/karate-nord.de\/wp\/wp-json\/wp\/v2\/pages\/5380","targetHints":{"allow":["GET"]}}],"collection":[{"href":"https:\/\/karate-nord.de\/wp\/wp-json\/wp\/v2\/pages"}],"about":[{"href":"https:\/\/karate-nord.de\/wp\/wp-json\/wp\/v2\/types\/page"}],"author":[{"embeddable":true,"href":"https:\/\/karate-nord.de\/wp\/wp-json\/wp\/v2\/users\/1"}],"replies":[{"embeddable":true,"href":"https:\/\/karate-nord.de\/wp\/wp-json\/wp\/v2\/comments?post=5380"}],"version-history":[{"count":17,"href":"https:\/\/karate-nord.de\/wp\/wp-json\/wp\/v2\/pages\/5380\/revisions"}],"predecessor-version":[{"id":6895,"href":"https:\/\/karate-nord.de\/wp\/wp-json\/wp\/v2\/pages\/5380\/revisions\/6895"}],"up":[{"embeddable":true,"href":"https:\/\/karate-nord.de\/wp\/wp-json\/wp\/v2\/pages\/5396"}],"wp:attachment":[{"href":"https:\/\/karate-nord.de\/wp\/wp-json\/wp\/v2\/media?parent=5380"}],"curies":[{"name":"wp","href":"https:\/\/api.w.org\/{rel}","templated":true}]}}